{"id":1024,"date":"2022-07-29T10:42:46","date_gmt":"2022-07-29T10:42:46","guid":{"rendered":"https:\/\/gpo.fcsh.unl.pt\/?page_id=1024"},"modified":"2022-11-05T17:28:10","modified_gmt":"2022-11-05T17:28:10","slug":"guia","status":"publish","type":"page","link":"https:\/\/gpo.fcsh.unl.pt\/?page_id=1024","title":{"rendered":"Guia"},"content":{"rendered":"\t\t<div data-elementor-type=\"wp-page\" data-elementor-id=\"1024\" class=\"elementor elementor-1024\" data-elementor-post-type=\"page\">\n\t\t\t\t\t\t<section class=\"elementor-section elementor-top-section elementor-element elementor-element-c8b6fa elementor-section-full_width elementor-section-height-min-height elementor-section-items-stretch elementor-section-height-default\" data-id=\"c8b6fa\" data-element_type=\"section\" data-e-type=\"section\" data-settings=\"{&quot;background_background&quot;:&quot;classic&quot;}\">\n\t\t\t\t\t\t<div class=\"elementor-container elementor-column-gap-default\">\n\t\t\t\t\t<div class=\"elementor-column elementor-col-100 elementor-top-column elementor-element elementor-element-2459c067\" data-id=\"2459c067\" data-element_type=\"column\" data-e-type=\"column\">\n\t\t\t<div class=\"elementor-widget-wrap elementor-element-populated\">\n\t\t\t\t\t\t<div class=\"elementor-element elementor-element-68752f2 elementor-widget elementor-widget-heading\" data-id=\"68752f2\" data-element_type=\"widget\" data-e-type=\"widget\" data-widget_type=\"heading.default\">\n\t\t\t\t<div class=\"elementor-widget-container\">\n\t\t\t\t\t<h2 class=\"elementor-heading-title elementor-size-medium\">Viol\u00eancia e ass\u00e9dio online no jornalismo<\/h2>\t\t\t\t<\/div>\n\t\t\t\t<\/div>\n\t\t\t\t<div class=\"elementor-element elementor-element-eec8ca3 elementor-widget elementor-widget-text-editor\" data-id=\"eec8ca3\" data-element_type=\"widget\" data-e-type=\"widget\" data-widget_type=\"text-editor.default\">\n\t\t\t\t<div class=\"elementor-widget-container\">\n\t\t\t\t\t\t\t\t\t<p><img fetchpriority=\"high\" decoding=\"async\" class=\"size-medium wp-image-1042 alignleft\" src=\"https:\/\/gpo.fcsh.unl.pt\/wp-content\/uploads\/2022\/07\/person-researching-stem-concepts-300x225.png\" alt=\"\" width=\"300\" height=\"225\" srcset=\"https:\/\/gpo.fcsh.unl.pt\/wp-content\/uploads\/2022\/07\/person-researching-stem-concepts-300x225.png 300w, https:\/\/gpo.fcsh.unl.pt\/wp-content\/uploads\/2022\/07\/person-researching-stem-concepts-1024x768.png 1024w, https:\/\/gpo.fcsh.unl.pt\/wp-content\/uploads\/2022\/07\/person-researching-stem-concepts-768x576.png 768w, https:\/\/gpo.fcsh.unl.pt\/wp-content\/uploads\/2022\/07\/person-researching-stem-concepts.png 1280w\" sizes=\"(max-width: 300px) 100vw, 300px\" \/><\/p><p>\u00c9 hoje habitual que jornalistas tenham forma\u00e7\u00e3o em seguran\u00e7a e defesa que os\/as prepara para cen\u00e1rios conturbados. Num momento em que os n\u00fameros de assassinatos e de ataques \u00e0 integridade f\u00edsica de jornalistas se mostram cada vez mais preocupantes um pouco por todo o mundo, estas forma\u00e7\u00f5es s\u00e3o, efetivamente, essenciais. No entanto, muitos dos ataques a jornalistas n\u00e3o ocorrem em contexto de guerra. A viol\u00eancia sobre elas\/eles exercida tem igualmente assumido uma forma menos imediatamente vis\u00edvel, mas n\u00e3o menos preocupante: aquela que se desenvolve no ambiente digital.<\/p><p>Se \u00e9 certo que a hostilidade para com jornalistas sempre existiu, os espa\u00e7os digitais est\u00e3o atualmente saturados de novas formas de ataque ao jornalismo, muitas vezes vindas de atores organizados, mas tamb\u00e9m de pessoas individuais. A populariza\u00e7\u00e3o do termo \u00abjornalixo\u00bb nas redes e caixas de coment\u00e1rios a not\u00edcias \u00e9 um exemplo dessa hostilidade, mas esta pode assumir formas mais violentas.<\/p><p>Na verdade, os\/as jornalistas est\u00e3o hoje muito vis\u00edveis e acess\u00edveis. As redes sociais e o jornalismo digital facilitaram essa visibilidade e aumentaram a proximidade entre profissionais e audi\u00eancias. Se tal facilita conversas e fomenta oportunidades democr\u00e1ticas de debate e cr\u00edtica do jornalismo, a possibilidade de o p\u00fablico comentar ou aceder facilmente aos\/\u00e0s jornalistas tamb\u00e9m se tornou uma armadilha.<\/p><p>Nem todos os p\u00fablicos se envolvem em coment\u00e1rios destrutivos, mas os insultos reiterados, as amea\u00e7as ou o ass\u00e9dio n\u00e3o podem ser confundidos com cr\u00edtica. Na verdade, um crescente corpo de investiga\u00e7\u00e3o \u2014 que inclui o estudo desenvolvido pelo projeto que d\u00e1 origem a este Guia \u2014 mostra que existem tentativas de\u00a0 interfer\u00eancia\u00a0 no trabalho di\u00e1rio dos\/as jornalistas sob a forma de amea\u00e7as impl\u00edcitas e expl\u00edcitas online. As consequ\u00eancias deste ambiente perturbador estendem-se \u00e0 vida p\u00fablica, j\u00e1 que tais ataques no ambiente digital podem n\u00e3o s\u00f3 vir a propiciar futuros ataques f\u00edsicos, como serem inibidores da realiza\u00e7\u00e3o do trabalho jornal\u00edstico em plena liberdade. Como acontece com a viol\u00eancia f\u00edsica em campo, a ret\u00f3rica violenta digital cria um clima de intimida\u00e7\u00e3o que pode levar \u00e0 autocensura e ser altamente perturbadora da sa\u00fade mental a que todos e todas as jornalistas t\u00eam direito, no exerc\u00edcio da sua profiss\u00e3o.<\/p><p><img decoding=\"async\" class=\"size-medium wp-image-1039 alignright\" src=\"https:\/\/gpo.fcsh.unl.pt\/wp-content\/uploads\/2022\/07\/workspace-with-computer-300x225.png\" alt=\"\" width=\"300\" height=\"225\" srcset=\"https:\/\/gpo.fcsh.unl.pt\/wp-content\/uploads\/2022\/07\/workspace-with-computer-300x225.png 300w, https:\/\/gpo.fcsh.unl.pt\/wp-content\/uploads\/2022\/07\/workspace-with-computer-1024x768.png 1024w, https:\/\/gpo.fcsh.unl.pt\/wp-content\/uploads\/2022\/07\/workspace-with-computer-768x576.png 768w, https:\/\/gpo.fcsh.unl.pt\/wp-content\/uploads\/2022\/07\/workspace-with-computer.png 1280w\" sizes=\"(max-width: 300px) 100vw, 300px\" \/><\/p><p>Foi com estas preocupa\u00e7\u00f5es em mente que o Guia que aqui se apresenta foi desenvolvido no \u00e2mbito do projeto \u00abO g\u00e9nero nas pandemias de \u00f3dio: media sociais, Covid 19 e as mulheres jornalistas\u00bb [ID 75893685], financiado pela FCT e desenvolvido no Instituto de Comunica\u00e7\u00e3o da Nova (ICNova), na Universidade Nova de Lisboa, nos anos de 2021 e 2022. As propostas de preven\u00e7\u00e3o e boas pr\u00e1ticas aqui desenvolvidas baseiam-se largamente em outras fontes e guias semelhantes publicados internacionalmente e constituem pistas para formas de preven\u00e7\u00e3o do que deliberadamente chamamos \u00abviol\u00eancia online\u00bb, j\u00e1 que as consequ\u00eancias dos ataques para os\/as jornalistas s\u00e3o reais \u2014 n\u00e3o s\u00e3o virtuais. Tais propostas t\u00eam tamb\u00e9m por base as experi\u00eancias recolhidas nos testemunhos de mulheres jornalistas dados em entrevistas \u00e0 equipa de investiga\u00e7\u00e3o do projeto, bem como a partir de um inqu\u00e9rito elaborado pelo mesmo projeto e distribu\u00eddo com apoio da Comiss\u00e3o da Carteira Profissional de Jornalista (CCPJ).<\/p><p>O Guia est\u00e1 subdividido em quatro partes \u2014 empresas\u00a0 noticiosas, outras entidades e associa\u00e7\u00f5es, jornalistas e freelancers. De notar que consideramos que \u00e9, antes de mais, \u00e0s empresas jornal\u00edsticas\u00a0 e\u00a0 a outras entidades e associa\u00e7\u00f5es que cabe o primeiro papel na preven\u00e7\u00e3o e nas boas pr\u00e1ticas. As organiza\u00e7\u00f5es jornal\u00edsticas t\u00eam um\u00a0 dever urgente de apoiar as suas e os seus profissionais porque o problema n\u00e3o se coloca ao n\u00edvel individual. Preventivamente, uma das primeiras medidas a tomar por parte das organiza\u00e7\u00f5es noticiosas e outras entidades \u00e9 combater a normaliza\u00e7\u00e3o e aumentar a consciencializa\u00e7\u00e3o de que o problema \u00e9 real e que deve de ser denunciado.<\/p><p>Abordar a quest\u00e3o da viol\u00eancia online na sua forma de pol\u00edtica institucional e tornar o mais simples poss\u00edvel a editores\/as\u00a0 e gestores\/as implementar medidas de preven\u00e7\u00e3o envia para a sociedade um sinal de que n\u00e3o \u00e9 aceit\u00e1vel que jornalistas \u2014 especialmente mulheres e jornalistas pertencentes a diferentes grupos minorit\u00e1rios \u2014 tenham de viver com esse tipo de abuso todos os dias e que os \u00f3rg\u00e3os de comunica\u00e7\u00e3o social reconhecem que esta n\u00e3o \u00e9 uma forma aceit\u00e1vel de exercer a sua profiss\u00e3o. Al\u00e9m disso, tal como\u00a0 se\u00a0 preparam jornalistas para quest\u00f5es de seguran\u00e7a f\u00edsica, \u00e9 fundamental formar essas pessoas em seguran\u00e7a e defesa online.<\/p><p>As recomenda\u00e7\u00f5es que apresentamos abordam, pois, pr\u00e1ticas de preven\u00e7\u00e3o e atua\u00e7\u00e3o no caso de os ataques acontecerem. Na \u00faltima se\u00e7\u00e3o, \u00e9 poss\u00edvel consultar outras fontes e guias que, escritos por especialistas em seguran\u00e7a, privacidade digital e viol\u00eancia baseada no g\u00e9nero, basearam em larga medida as boas pr\u00e1ticas que aqui reunimos.<\/p>\t\t\t\t\t\t\t\t<\/div>\n\t\t\t\t<\/div>\n\t\t\t\t\t<\/div>\n\t\t<\/div>\n\t\t\t\t\t<\/div>\n\t\t<\/section>\n\t\t\t\t<section class=\"elementor-section elementor-top-section elementor-element elementor-element-469d2d55 elementor-section-full_width elementor-section-height-min-height elementor-section-items-stretch elementor-section-height-default\" data-id=\"469d2d55\" data-element_type=\"section\" data-e-type=\"section\">\n\t\t\t\t\t\t<div class=\"elementor-container elementor-column-gap-default\">\n\t\t\t\t\t<div class=\"elementor-column elementor-col-50 elementor-top-column elementor-element elementor-element-a8af4bd\" data-id=\"a8af4bd\" data-element_type=\"column\" data-e-type=\"column\" data-settings=\"{&quot;background_background&quot;:&quot;classic&quot;}\">\n\t\t\t<div class=\"elementor-widget-wrap elementor-element-populated\">\n\t\t\t\t\t\t<section class=\"elementor-section elementor-inner-section elementor-element elementor-element-52d3da41 elementor-section-boxed elementor-section-height-default elementor-section-height-default\" data-id=\"52d3da41\" data-element_type=\"section\" data-e-type=\"section\">\n\t\t\t\t\t\t<div class=\"elementor-container elementor-column-gap-default\">\n\t\t\t\t\t<div class=\"elementor-column elementor-col-50 elementor-inner-column elementor-element elementor-element-1c22fe0c\" data-id=\"1c22fe0c\" data-element_type=\"column\" data-e-type=\"column\">\n\t\t\t<div class=\"elementor-widget-wrap elementor-element-populated\">\n\t\t\t\t\t\t<div class=\"elementor-element elementor-element-4a186355 elementor-widget elementor-widget-heading\" data-id=\"4a186355\" data-element_type=\"widget\" data-e-type=\"widget\" data-widget_type=\"heading.default\">\n\t\t\t\t<div class=\"elementor-widget-container\">\n\t\t\t\t\t<h2 class=\"elementor-heading-title elementor-size-default\">Guia de preven\u00e7\u00e3o e boas pr\u00e1ticas<\/h2>\t\t\t\t<\/div>\n\t\t\t\t<\/div>\n\t\t\t\t<div class=\"elementor-element elementor-element-4f61eaa8 elementor-widget elementor-widget-text-editor\" data-id=\"4f61eaa8\" data-element_type=\"widget\" data-e-type=\"widget\" data-widget_type=\"text-editor.default\">\n\t\t\t\t<div class=\"elementor-widget-container\">\n\t\t\t\t\t\t\t\t\t<p>Pode fazer\u00a0 <a href=\"https:\/\/gpo.fcsh.unl.pt\/wp-content\/uploads\/2022\/11\/Guia-de-prevencao-2.pdf\" target=\"_blank\" rel=\"noopener\">aqui<\/a> o download.<\/p>\t\t\t\t\t\t\t\t<\/div>\n\t\t\t\t<\/div>\n\t\t\t\t\t<\/div>\n\t\t<\/div>\n\t\t\t\t<div class=\"elementor-column elementor-col-50 elementor-inner-column elementor-element elementor-element-70b714c0\" data-id=\"70b714c0\" data-element_type=\"column\" data-e-type=\"column\">\n\t\t\t<div class=\"elementor-widget-wrap elementor-element-populated\">\n\t\t\t\t\t\t<div class=\"elementor-element elementor-element-34207aa4 elementor-widget__width-initial elementor-absolute elementor-widget-tablet__width-initial elementor-widget-mobile__width-initial elementor-widget elementor-widget-image\" data-id=\"34207aa4\" data-element_type=\"widget\" data-e-type=\"widget\" data-settings=\"{&quot;_position&quot;:&quot;absolute&quot;}\" data-widget_type=\"image.default\">\n\t\t\t\t<div class=\"elementor-widget-container\">\n\t\t\t\t\t\t\t\t\t\t\t\t\t\t\t<img decoding=\"async\" width=\"800\" height=\"600\" src=\"https:\/\/gpo.fcsh.unl.pt\/wp-content\/uploads\/2022\/07\/map-and-navigation-1024x768.png\" class=\"attachment-large size-large wp-image-1029\" alt=\"\" srcset=\"https:\/\/gpo.fcsh.unl.pt\/wp-content\/uploads\/2022\/07\/map-and-navigation-1024x768.png 1024w, https:\/\/gpo.fcsh.unl.pt\/wp-content\/uploads\/2022\/07\/map-and-navigation-300x225.png 300w, https:\/\/gpo.fcsh.unl.pt\/wp-content\/uploads\/2022\/07\/map-and-navigation-768x576.png 768w, https:\/\/gpo.fcsh.unl.pt\/wp-content\/uploads\/2022\/07\/map-and-navigation.png 1280w\" sizes=\"(max-width: 800px) 100vw, 800px\" \/>\t\t\t\t\t\t\t\t\t\t\t\t\t\t\t<\/div>\n\t\t\t\t<\/div>\n\t\t\t\t\t<\/div>\n\t\t<\/div>\n\t\t\t\t\t<\/div>\n\t\t<\/section>\n\t\t\t\t\t<\/div>\n\t\t<\/div>\n\t\t\t\t<div class=\"elementor-column elementor-col-50 elementor-top-column elementor-element elementor-element-7297dda8\" data-id=\"7297dda8\" data-element_type=\"column\" data-e-type=\"column\" data-settings=\"{&quot;background_background&quot;:&quot;classic&quot;}\">\n\t\t\t<div class=\"elementor-widget-wrap elementor-element-populated\">\n\t\t\t\t\t\t<div class=\"elementor-element elementor-element-6a841028 elementor-widget elementor-widget-spacer\" data-id=\"6a841028\" data-element_type=\"widget\" data-e-type=\"widget\" data-widget_type=\"spacer.default\">\n\t\t\t\t<div class=\"elementor-widget-container\">\n\t\t\t\t\t\t\t<div class=\"elementor-spacer\">\n\t\t\t<div class=\"elementor-spacer-inner\"><\/div>\n\t\t<\/div>\n\t\t\t\t\t\t<\/div>\n\t\t\t\t<\/div>\n\t\t\t\t\t<\/div>\n\t\t<\/div>\n\t\t\t\t\t<\/div>\n\t\t<\/section>\n\t\t\t\t<section class=\"elementor-section elementor-top-section elementor-element elementor-element-cdc88af elementor-section-full_width elementor-section-height-min-height elementor-section-items-stretch elementor-section-height-default\" data-id=\"cdc88af\" data-element_type=\"section\" data-e-type=\"section\" data-settings=\"{&quot;background_background&quot;:&quot;classic&quot;}\">\n\t\t\t\t\t\t<div class=\"elementor-container elementor-column-gap-default\">\n\t\t\t\t\t<div class=\"elementor-column elementor-col-100 elementor-top-column elementor-element elementor-element-bea22ae\" data-id=\"bea22ae\" data-element_type=\"column\" data-e-type=\"column\">\n\t\t\t<div class=\"elementor-widget-wrap elementor-element-populated\">\n\t\t\t\t\t\t<div class=\"elementor-element elementor-element-a0a1d3a elementor-widget elementor-widget-heading\" data-id=\"a0a1d3a\" data-element_type=\"widget\" data-e-type=\"widget\" data-widget_type=\"heading.default\">\n\t\t\t\t<div class=\"elementor-widget-container\">\n\t\t\t\t\t<h2 class=\"elementor-heading-title elementor-size-default\">Fontes<\/h2>\t\t\t\t<\/div>\n\t\t\t\t<\/div>\n\t\t\t\t<div class=\"elementor-element elementor-element-d4741b9 elementor-widget elementor-widget-text-editor\" data-id=\"d4741b9\" data-element_type=\"widget\" data-e-type=\"widget\" data-widget_type=\"text-editor.default\">\n\t\t\t\t<div class=\"elementor-widget-container\">\n\t\t\t\t\t\t\t\t\t<p>Os estudos e guias sobre a viol\u00eancia e o ass\u00e9dio online a jornalistas s\u00e3o crescentes. Sugerimos que comece pelos recursos da <a href=\"http:\/\/www.troll-busters.com\/\">TrollBusters<\/a>, do <a href=\"https:\/\/cpj.org\/journalist-safety-and-emergencies\/\">Committee to Protect Journalists <\/a>e do <a href=\"https:\/\/dartcenter.org\/content\/journalists-and-harassment\">the DART Center for Journalism and Trauma<\/a>.<\/p><p>Outros recursos s\u00e3o:<\/p><ul><li><a href=\"https:\/\/www.google.com\/url?sa=t&amp;rct=j&amp;q=&amp;esrc=s&amp;source=web&amp;cd=&amp;cad=rja&amp;uact=8&amp;ved=2ahUKEwi1qK3dw6j5AhWV44UKHSuyAa8QFnoECBUQAQ&amp;url=https%3A%2F%2Fwww.publico.pt%2F2022%2F03%2F29%2Fp3%2Fnoticia%2Fcinco-formas-protegeres-assedio-online-2000412&amp;usg=AOvVaw0USsVqzTbmgdb13E7f0TY3\">Cinco formas de te protegeres do ass\u00e9dio \u201conline\u201d _ Internet _ P\u00daBLICO<\/a><\/li><li><a href=\"https:\/\/www.google.com\/url?sa=t&amp;rct=j&amp;q=&amp;esrc=s&amp;source=web&amp;cd=&amp;cad=rja&amp;uact=8&amp;ved=2ahUKEwj-pYL4vqj5AhWY_4UKHVPUAMoQFnoECBEQAQ&amp;url=https%3A%2F%2Fnewsrooms-ontheline.ipi.media%2Fwp-content%2Fuploads%2F2020%2F02%2FIPI_newsrooms_protocol_address_online_harassment_ok_022020.pdf&amp;usg=AOvVaw3YAyJBAzycEziCVDFpTUxH\">IPI_newsrooms_protocol_address_online_harassment_ok_022020<\/a><\/li><li><a href=\"https:\/\/newsrooms-ontheline.ipi.media\/newsroom-best-practices-for-addressing-online-violence-against-journalists\/\">Newsroom Best Practices for Addressing Online Violence against Journalists<\/a><\/li><li>Rory Peck Trust <a href=\"https:\/\/rorypecktrust.org\/freelance-resources\/digital-security\/\">https:\/\/rorypecktrust.org\/freelance-resources\/digital-security\/<\/a><\/li><li>Pointer. <a href=\"https:\/\/www.poynter.org\/business-work\/2022\/how-journalists-avoid-worst-social-media-public-good\/\">Reduce social media stress with these 9 tips<\/a><\/li><li><a href=\"https:\/\/ijnet.org\/es\/story\/c%C3%B3mo-ayudar-periodistas-que-sufren-ataques-online\">C\u00f3mo ayudar a periodistas que sufren ataques online<\/a><\/li><li><a href=\"https:\/\/www.ifj.org\/fileadmin\/user_upload\/guidelines_EN_final.pdf\">IFJ Guidelines for media and unions to combat online harassment of women<\/a> <a href=\"https:\/\/www.ifj.org\/fileadmin\/user_upload\/guidelines_EN_final.pdf\">journalists<\/a><\/li><li><a href=\"https:\/\/onlineharassmentfieldmanual.pen.org\/\">PEN America&#8217;s Field Manual Against Online Harassment<\/a><\/li><li><a href=\"https:\/\/onlineharassmentfieldmanual.pen.org\/legal-considerations\/\">PEN America&#8217;s Field Manual Against Online Harassment: Legal Resources<\/a><\/li><li><a href=\"https:\/\/reutersinstitute.politics.ox.ac.uk\/protecting-journalists-online-abuse-guide-newsrooms\">Protecting journalists from online abuse: a guide for newsrooms<\/a><\/li><li><a href=\"https:\/\/onlineviolenceresponsehub.org\/\">Coalition Against Online Violence Response Hub<\/a><\/li><li><a href=\"https:\/\/www.journalism.co.uk\/news-commentary\/six-steps-to-beef-up-your-cybersecurity-while-working-from-home\/s6\/a760860\/\">https:\/\/www.journalism.co.uk\/news-commentary\/six-steps-to-beef-up-your-cybersecurity-while-working-from-home\/s6\/a760860\/<\/a><\/li><li><a href=\"https:\/\/www.theverge.com\/2019\/3\/26\/18282196\/how-to-protect-privacy-security-instagram\">https:\/\/www.theverge.com\/2019\/3\/26\/18282196\/how-to-protect-privacy-security-instagram<\/a><\/li><li><a href=\"https:\/\/onlineharassmentfieldmanual.pen.org\/\">https:\/\/onlineharassmentfieldmanual.pen.org\/<\/a><\/li><li><a href=\"https:\/\/www.google.com\/url?sa=t&amp;rct=j&amp;q=&amp;esrc=s&amp;source=web&amp;cd=&amp;cad=rja&amp;uact=8&amp;ved=2ahUKEwi7pPKtvqj5AhVRNRoKHWlHCBwQFnoECBwQAQ&amp;url=https%3A%2F%2Fwww.ifj.org%2Ffileadmin%2Fuser_upload%2Fguidelines_EN_final.pdf&amp;usg=AOvVaw1dByUpJYMiNJYWKE_F0beX\">Guidelines for media and unions to combat online harassment of women journalists<\/a><\/li><li><a href=\"https:\/\/www.google.com\/url?sa=t&amp;rct=j&amp;q=&amp;esrc=s&amp;source=web&amp;cd=&amp;cad=rja&amp;uact=8&amp;ved=2ahUKEwjPhv3Avqj5AhUigHMKHZnQCBkQFnoECBUQAQ&amp;url=https%3A%2F%2Fwww.ifj.org%2Ffileadmin%2Fuser_upload%2F8_tips_on_how_to_report_harassment_on_social_media_-_IFJ.pdf&amp;usg=AOvVaw0HbeLCDciPe14TYsN1xhIo\">8 tips on how to report harassment<\/a><\/li><li><a href=\"http:\/\/feministfrequency.com\/2015\/12\/08\/speak-up-stay-safer-a-guide-to-protecting-yourself-from-online-harassment\/\">Speak Up &amp; Stay Safe(r): A Guide to Protecting Yourself From Online Harassment<\/a><\/li><li><a href=\"https:\/\/medium.com\/@deanna\/so-you-re-getting-harassed-on-the-internet-what-do-you-do-now-c30207cae0c#.a68lvzrci\">So, you\u2019re getting harassed on the Internet. What do you do now?<\/a><\/li><li><a href=\"https:\/\/www.datasociety.net\/pubs\/oh\/Online_Harassment_2016.pdf\">Online Harassment, Digital Abuse, and Cyberstalking in America<\/a><\/li><li><a href=\"http:\/\/www.zdnet.com\/article\/how-to-remove-yourself-from-people-search-websites\/\">Violet Blue: How to Remove Yourself from People Databases<\/a><\/li><li><a href=\"http:\/\/comparitech.net\/doxxing\">What is doxxing (with examples) and how do you avoid it<\/a><\/li><li><a href=\"http:\/\/crashoverridenetwork.tumblr.com\/post\/114270394687\/so-youve-been-doxed-a-guide-to-best-practices\">So You\u2019ve Been Doxed: A Guide to Best Practices<\/a><\/li><li><a href=\"https:\/\/gendersec.tacticaltech.org\/wiki\/index.php\/Complete_manual\">Securing Online and Offline Freedoms for Women: Expression, Privacy and Digital Inclusion Manual<\/a><\/li><li><a href=\"https:\/\/yoursosteam.wordpress.com\/digital-hygiene-course\/\">Digital Hygiene Course from Trollbusters<\/a><\/li><li><a href=\"http:\/\/chayn.co\/safety\/\">Do It Yourself Online Safety Guide<\/a><\/li><\/ul><p>\u00a0<\/p>\t\t\t\t\t\t\t\t<\/div>\n\t\t\t\t<\/div>\n\t\t\t\t\t<\/div>\n\t\t<\/div>\n\t\t\t\t\t<\/div>\n\t\t<\/section>\n\t\t\t\t<section class=\"elementor-section elementor-top-section elementor-element elementor-element-1f792002 elementor-section-height-min-height elementor-section-full_width elementor-section-height-default elementor-section-items-middle\" data-id=\"1f792002\" data-element_type=\"section\" data-e-type=\"section\" data-settings=\"{&quot;background_background&quot;:&quot;classic&quot;}\">\n\t\t\t\t\t\t<div class=\"elementor-container elementor-column-gap-default\">\n\t\t\t\t\t<div class=\"elementor-column elementor-col-100 elementor-top-column elementor-element elementor-element-3ce27ef0\" data-id=\"3ce27ef0\" data-element_type=\"column\" data-e-type=\"column\">\n\t\t\t<div class=\"elementor-widget-wrap elementor-element-populated\">\n\t\t\t\t\t\t<div class=\"elementor-element elementor-element-5321aeb0 elementor-widget elementor-widget-heading\" data-id=\"5321aeb0\" data-element_type=\"widget\" data-e-type=\"widget\" data-widget_type=\"heading.default\">\n\t\t\t\t<div class=\"elementor-widget-container\">\n\t\t\t\t\t<h1 class=\"elementor-heading-title elementor-size-default\"><a href=\"https:\/\/gpo.fcsh.unl.pt\/?page_id=1024\">&lt; Voltar para o inicio do guia<\/a><\/h1>\t\t\t\t<\/div>\n\t\t\t\t<\/div>\n\t\t\t\t\t<\/div>\n\t\t<\/div>\n\t\t\t\t\t<\/div>\n\t\t<\/section>\n\t\t\t\t<\/div>\n\t\t","protected":false},"excerpt":{"rendered":"<p>Viol\u00eancia e ass\u00e9dio online no jornalismo \u00c9 hoje habitual que jornalistas tenham forma\u00e7\u00e3o em seguran\u00e7a e defesa que os\/as prepara para cen\u00e1rios conturbados. Num momento em que os n\u00fameros de assassinatos e de ataques \u00e0 integridade f\u00edsica de jornalistas se mostram cada vez mais preocupantes um pouco por todo o mundo, estas forma\u00e7\u00f5es s\u00e3o, efetivamente, [&hellip;]<\/p>\n","protected":false},"author":1,"featured_media":0,"parent":0,"menu_order":0,"comment_status":"closed","ping_status":"closed","template":"","meta":{"footnotes":""},"class_list":["post-1024","page","type-page","status-publish","hentry"],"_links":{"self":[{"href":"https:\/\/gpo.fcsh.unl.pt\/index.php?rest_route=\/wp\/v2\/pages\/1024","targetHints":{"allow":["GET"]}}],"collection":[{"href":"https:\/\/gpo.fcsh.unl.pt\/index.php?rest_route=\/wp\/v2\/pages"}],"about":[{"href":"https:\/\/gpo.fcsh.unl.pt\/index.php?rest_route=\/wp\/v2\/types\/page"}],"author":[{"embeddable":true,"href":"https:\/\/gpo.fcsh.unl.pt\/index.php?rest_route=\/wp\/v2\/users\/1"}],"replies":[{"embeddable":true,"href":"https:\/\/gpo.fcsh.unl.pt\/index.php?rest_route=%2Fwp%2Fv2%2Fcomments&post=1024"}],"version-history":[{"count":112,"href":"https:\/\/gpo.fcsh.unl.pt\/index.php?rest_route=\/wp\/v2\/pages\/1024\/revisions"}],"predecessor-version":[{"id":1880,"href":"https:\/\/gpo.fcsh.unl.pt\/index.php?rest_route=\/wp\/v2\/pages\/1024\/revisions\/1880"}],"wp:attachment":[{"href":"https:\/\/gpo.fcsh.unl.pt\/index.php?rest_route=%2Fwp%2Fv2%2Fmedia&parent=1024"}],"curies":[{"name":"wp","href":"https:\/\/api.w.org\/{rel}","templated":true}]}}